{"id":25,"date":"2016-11-24T04:41:40","date_gmt":"2016-11-24T04:41:40","guid":{"rendered":"http:\/\/www.lift-ve.com\/?page_id=25"},"modified":"2020-06-25T02:02:57","modified_gmt":"2020-06-25T02:02:57","slug":"productos","status":"publish","type":"page","link":"http:\/\/www.lift-ve.com\/en\/productos\/","title":{"rendered":"Elevators and Escalators"},"content":{"rendered":"<div id=\"pl-25\"  class=\"panel-layout\" ><div id=\"pg-25-0\"  class=\"panel-grid panel-no-style\" ><div id=\"pgc-25-0-0\"  class=\"panel-grid-cell\" ><div id=\"panel-25-0-0-0\" class=\"so-panel widget widget_sow-editor panel-first-child panel-last-child\" data-index=\"0\" ><div\n\t\t\t\n\t\t\tclass=\"so-widget-sow-editor so-widget-sow-editor-base\"\n\t\t\t\n\t\t>\n<div class=\"siteorigin-widget-tinymce textwidget\">\n\t<div class=\"ctsc-tablist ctsc-tablist-horizontal\">\n<ul class=\"ctsc-tablist-nav\">\n<li><a href=\"#ctsc-tab-content-pasajeros\">Pasajeros<\/a><\/li>\n<li><a href=\"#ctsc-tab-content-panoramicos\">Panoramicos<\/a><\/li>\n<li><a href=\"#ctsc-tab-content-carga\">Carga<\/a><\/li>\n<li><a href=\"#ctsc-tab-content-hospitalarios\">Hospitalarios<\/a><\/li>\n<li><a href=\"#ctsc-tab-content-escaleras-mecanicas\">Escaleras Mec\u00e1nicas<\/a><\/li>\n<\/ul>\n<div id=\"ctsc-tab-content-pasajeros\" class=\"ctsc-tab-content\">\n<h3>Ascensores de pasajeros<\/h3>\n<p style=\"text-align: justify;\">El Ascensor de pasajeros es el primer producto con el concepto de sin cuarto de m\u00e1quinas.\u00a0En comparaci\u00f3n con ascensor tradicional con sala de m\u00e1quinas, la estructura compacta hace una clara ventaja de la construcci\u00f3n.\u00a0Ya que ahorra espacio y reduce los costos de construcci\u00f3n, es una opci\u00f3n ideal de los desarrolladores e inversores.<\/p>\n<p style=\"text-align: justify;\"><strong>ESPECIFICACIONES PRINCIPAL<\/strong><\/p>\n<ul>\n<li><strong>Capacidad:\u00a0<\/strong>450 -1600 kg.<\/li>\n<li><strong>Velocidad:<\/strong>\u00a00,5 - 4.0 m\/s.<\/li>\n<li><strong>M\u00e1quina:<\/strong>\u00a0Tracci\u00f3n directa o con engranajes.<\/li>\n<li><b>Tecnolog\u00eda\u00a0de Maniobra:<\/b> Tecnolog\u00eda\u00a0abierta<\/li>\n<li><strong>Sistema de Control:<\/strong> 2 Velocidades \/ VVVF<\/li>\n<li><strong>Opcional:<\/strong> Con y Sin Sala de Maquinas.<\/li>\n<\/ul>\n<\/div>\n<div id=\"ctsc-tab-content-panoramicos\" class=\"ctsc-tab-content\">\n<h3>Ascensores panor\u00e1micos<\/h3>\n<p style=\"text-align: justify;\">Ascensor panor\u00e1mico cuenta con un dise\u00f1o elegante y patrones diversos, la creaci\u00f3n de adoptar de personalidad y vitalidad de su proyecto. Posee excelentes caracter\u00edsticas que hered\u00f3 de la elevaci\u00f3n de la m\u00e1quina de turismo habitaci\u00f3n, Puede ser aplicado extensamente en diferentes tipos de lugares p\u00fablicos, como el mercado a gran escala, de la estaci\u00f3n, puerto, aeropuerto, centro comercial, centro de recreo y sala de exposiciones, etc.<\/p>\n<p><strong>ESPECIFICACIONES PRINCIPAL<\/strong><\/p>\n<ul>\n<li><strong>Capacidad:<\/strong>\u00a0450-1350 kg.<\/li>\n<li><strong>Velocidad:<\/strong>\u00a00.5 - 1.75 m\/s<\/li>\n<li><strong>M\u00e1quina:<\/strong> Tracci\u00f3n directa o con engranajes.<\/li>\n<li><b>Tecnolog\u00eda\u00a0de Maniobra:<\/b> Tecnolog\u00eda abierta<\/li>\n<li><strong>Sistema de Control:<\/strong> 2 Velocidades \/ VVVF<\/li>\n<li><strong>Opcional:<\/strong> Con y Sin Sala de Maquinas.<\/li>\n<\/ul>\n<\/div>\n<div id=\"ctsc-tab-content-carga\" class=\"ctsc-tab-content\">\n<h3>Ascensores de carga<\/h3>\n<p style=\"text-align: justify;\">Los Ascensores de carga destacan en el dise\u00f1o de coches de alta intensidad y el operador de puerta fiable, lo que satisface plenamente las demandas del transporte de mercanc\u00edas diversas en diferentes condiciones de trabajo.<\/p>\n<p><strong>ESPECIFICACIONES PRINCIPAL<\/strong><\/p>\n<ul>\n<li><strong>Capacidad: <\/strong>500 - 4500 Kg.<\/li>\n<li><strong>Velocidad:<\/strong>\u00a00.5- 1.5 m\/s.<\/li>\n<li><strong>M\u00e1quina:<\/strong> Tracci\u00f3n directa o con engranajes.<\/li>\n<li><b>Tecnolog\u00eda\u00a0de Maniobra:<\/b>\u00a0Tecnolog\u00eda abierta<\/li>\n<li><strong>Sistema de Control:<\/strong> 2 Velocidades \/ VVVF<\/li>\n<li><strong>Opcional:<\/strong> Con y Sin Sala de Maquinas.<\/li>\n<\/ul>\n<\/div>\n<div id=\"ctsc-tab-content-hospitalarios\" class=\"ctsc-tab-content\">\n<h3>Ascensores hospitalarios<\/h3>\n<p style=\"text-align: justify;\">La Serie Hospitalaria, debido a nuestra plena comprensi\u00f3n de la particularidad del medio ambiente en los hospitales y sanatorios, hemos dise\u00f1ado el ascensor en el punto de vista de los pacientes el transporte, y hemos adoptado variable de voltaje de frecuencia variable (VVVF) la tecnolog\u00eda de control del coche y la memoria desplazamiento absoluto aseg\u00farese de que el ascensor se inicia y se detiene, sin problemas para la comodidad de los pacientes.<\/p>\n<p style=\"text-align: justify;\"><strong>ESPECIFICACIONES PRINCIPALES<\/strong><\/p>\n<ul>\n<li style=\"text-align: justify;\"><strong>Capacidad:<\/strong>\u00a0630 - 2000 kg<\/li>\n<li style=\"text-align: justify;\"><strong>Velocidad:<\/strong> 1.0 - 1 .75 m \/ s<\/li>\n<li style=\"text-align: justify;\"><strong>M\u00e1quina:<\/strong> Tracci\u00f3n directa o con engranajes.<\/li>\n<li style=\"text-align: justify;\"><b>Tecnolog\u00eda\u00a0de Maniobra:<\/b> Tecnolog\u00eda\u00a0Abierta<\/li>\n<li style=\"text-align: justify;\"><strong>Sistema de Control:<\/strong> VVVF<\/li>\n<li style=\"text-align: justify;\"><strong>Opcional:<\/strong> Con Sala de Maquinas.<\/li>\n<\/ul>\n<\/div>\n<div id=\"ctsc-tab-content-escaleras-mecanicas\" class=\"ctsc-tab-content\">\n<h3>Escaleras Mec\u00e1nicas<\/h3>\n<p>Las Escaleras mec\u00e1nicas y andenes m\u00f3viles ofrecen la estructura robusta, flexible dise\u00f1o, ingenier\u00eda probada y aspecto elegante.\u00a0Los clientes pueden disfrutar de la experiencia tranquila y confortable conducci\u00f3n y construir la confianza en su fiabilidad y durabilidad gracias a la alta intensidad estructura de celos\u00eda, control avanzado de micro-ordenador, una unidad de alta eficiencia y dispositivos de seguridad integral.<\/p>\n<p>Las Escaleras mec\u00e1nicas al aire libre puede soportar la dura prueba de las condiciones clim\u00e1ticas diversas.\u00a0La unidad opcional VVVF m\u00e1s se puede ahorrar energ\u00eda y reducir los costos operativos.\u00a0Para cumplir con los requisitos especiales de construcci\u00f3n del aeropuerto internacional.<\/p>\n<table class=\"&quot;tabla-escaleras\" width=\"734\">\n<tbody>\n<tr>\n<td>\n<p><strong>ESPECIFICACIONES TECNICAS<\/strong><\/p>\n<table width=\"253\">\n<tbody>\n<tr>\n<td width=\"53\">Velocidad nominal\u00a0(m \/ s)<\/td>\n<td width=\"54\">Angulo de inclinaci\u00f3n<\/td>\n<td width=\"32\">Paso Ancho(mm)<\/td>\n<td width=\"69\">Max.Capacity (P \/ hora)<\/td>\n<td width=\"27\">Max.\u00a0Lugar (mm)<\/td>\n<\/tr>\n<tr>\n<td rowspan=\"6\">0.5<\/td>\n<td rowspan=\"3\">30<\/td>\n<td>600<\/td>\n<td>4500<\/td>\n<td rowspan=\"3\">8000<\/td>\n<\/tr>\n<tr>\n<td>800<\/td>\n<td>6755<\/td>\n<\/tr>\n<tr>\n<td>1000<\/td>\n<td>9000<\/td>\n<\/tr>\n<tr>\n<td rowspan=\"3\">35<\/td>\n<td>600<\/td>\n<td>4500<\/td>\n<td rowspan=\"3\">6000<\/td>\n<\/tr>\n<tr>\n<td>800<\/td>\n<td>6755<\/td>\n<\/tr>\n<tr>\n<td>1000<\/td>\n<td>9000<\/td>\n<\/tr>\n<\/tbody>\n<\/table>\n<\/td>\n<\/tr>\n<\/tbody>\n<\/table>\n<\/div>\n<\/div>\n<p>\u00a0<\/p>\n<\/div>\n<\/div><\/div><\/div><\/div><\/div>","protected":false},"excerpt":{"rendered":"<p>\u00a0<\/p>","protected":false},"author":1,"featured_media":0,"parent":0,"menu_order":0,"comment_status":"closed","ping_status":"closed","template":"","meta":{"site-sidebar-layout":"default","site-content-layout":"","ast-site-content-layout":"","site-content-style":"default","site-sidebar-style":"default","ast-global-header-display":"","ast-banner-title-visibility":"","ast-main-header-display":"","ast-hfb-above-header-display":"","ast-hfb-below-header-display":"","ast-hfb-mobile-header-display":"","site-post-title":"","ast-breadcrumbs-content":"","ast-featured-img":"","footer-sml-layout":"","theme-transparent-header-meta":"","adv-header-id-meta":"","stick-header-meta":"","header-above-stick-meta":"","header-main-stick-meta":"","header-below-stick-meta":"","astra-migrate-meta-layouts":"default","ast-page-background-enabled":"default","ast-page-background-meta":{"desktop":{"background-color":"","background-image":"","background-repeat":"repeat","background-position":"center center","background-size":"auto","background-attachment":"scroll","background-type":"","background-media":"","overlay-type":"","overlay-color":"","overlay-gradient":""},"tablet":{"background-color":"","background-image":"","background-repeat":"repeat","background-position":"center center","background-size":"auto","background-attachment":"scroll","background-type":"","background-media":"","overlay-type":"","overlay-color":"","overlay-gradient":""},"mobile":{"background-color":"","background-image":"","background-repeat":"repeat","background-position":"center center","background-size":"auto","background-attachment":"scroll","background-type":"","background-media":"","overlay-type":"","overlay-color":"","overlay-gradient":""}},"ast-content-background-meta":{"desktop":{"background-color":"var(--ast-global-color-5)","background-image":"","background-repeat":"repeat","background-position":"center center","background-size":"auto","background-attachment":"scroll","background-type":"","background-media":"","overlay-type":"","overlay-color":"","overlay-gradient":""},"tablet":{"background-color":"var(--ast-global-color-5)","background-image":"","background-repeat":"repeat","background-position":"center center","background-size":"auto","background-attachment":"scroll","background-type":"","background-media":"","overlay-type":"","overlay-color":"","overlay-gradient":""},"mobile":{"background-color":"var(--ast-global-color-5)","background-image":"","background-repeat":"repeat","background-position":"center center","background-size":"auto","background-attachment":"scroll","background-type":"","background-media":"","overlay-type":"","overlay-color":"","overlay-gradient":""}},"footnotes":""},"class_list":["post-25","page","type-page","status-publish","hentry"],"_links":{"self":[{"href":"http:\/\/www.lift-ve.com\/en\/wp-json\/wp\/v2\/pages\/25","targetHints":{"allow":["GET"]}}],"collection":[{"href":"http:\/\/www.lift-ve.com\/en\/wp-json\/wp\/v2\/pages"}],"about":[{"href":"http:\/\/www.lift-ve.com\/en\/wp-json\/wp\/v2\/types\/page"}],"author":[{"embeddable":true,"href":"http:\/\/www.lift-ve.com\/en\/wp-json\/wp\/v2\/users\/1"}],"replies":[{"embeddable":true,"href":"http:\/\/www.lift-ve.com\/en\/wp-json\/wp\/v2\/comments?post=25"}],"version-history":[{"count":8,"href":"http:\/\/www.lift-ve.com\/en\/wp-json\/wp\/v2\/pages\/25\/revisions"}],"predecessor-version":[{"id":443,"href":"http:\/\/www.lift-ve.com\/en\/wp-json\/wp\/v2\/pages\/25\/revisions\/443"}],"wp:attachment":[{"href":"http:\/\/www.lift-ve.com\/en\/wp-json\/wp\/v2\/media?parent=25"}],"curies":[{"name":"wp","href":"https:\/\/api.w.org\/{rel}","templated":true}]}}